{"id":7933,"date":"2014-12-01T15:07:51","date_gmt":"2014-12-01T15:07:51","guid":{"rendered":"http:\/\/www.radionica.hr\/?page_id=7933"},"modified":"2015-08-13T12:47:27","modified_gmt":"2015-08-13T12:47:27","slug":"kontakt-2","status":"publish","type":"page","link":"https:\/\/www.radionica.hr\/en\/kontakt-2\/","title":{"rendered":"Contact"},"content":{"rendered":"[vc_row][vc_column width=&#8221;1\/1&#8243;][vc_column_text]\n<h4>Office<\/h4>\n[\/vc_column_text][vc_separator type=&#8221;transparent&#8221; down=&#8221;15&#8243; up=&#8221;0&#8243;][vc_column_text]Mire Ban Radune\u00a014<\/p>\n<p>HR-51000 Rijeka<\/p>\n<p>Tel: +385 51 410 541[\/vc_column_text][vc_separator type=&#8221;transparent&#8221; up=&#8221;0&#8243; down=&#8221;25&#8243;][vc_column_text]e-mail: <span style=\"color: #000000;\">info@radionica.hr<\/span><\/p>\n<p>skype: radionica<\/p>\n<p><span style=\"color: #000000;\">facebook.com\/radionica.hr<\/span> <strong>\u00a0<\/strong>[\/vc_column_text][\/vc_column][\/vc_row]\n<!-- AddThis Advanced Settings generic via filter on the_content --><!-- AddThis Share Buttons generic via filter on the_content -->","protected":false},"excerpt":{"rendered":"<p>[vc_row][vc_column width=&#8221;1\/1&#8243;][vc_column_text] Office [\/vc_column_text][vc_separator type=&#8221;transparent&#8221; down=&#8221;15&#8243; up=&#8221;0&#8243;][vc_column_text]Mire Ban Radune\u00a014 HR-51000 Rijeka Tel: +385 51 410 541[\/vc_column_text][vc_separator type=&#8221;transparent&#8221; up=&#8221;0&#8243; down=&#8221;25&#8243;][vc_column_text]e-mail: info@radionica.hr skype: radionica facebook.com\/radionica.hr \u00a0[\/vc_column_text][\/vc_column][\/vc_row]<!-- AddThis Advanced Settings generic via filter on get_the_excerpt --><!-- AddThis Share Buttons generic via filter on get_the_excerpt --><\/p>\n","protected":false},"author":2,"featured_media":0,"parent":0,"menu_order":0,"comment_status":"open","ping_status":"open","template":"contact-page.php","meta":{"footnotes":""},"class_list":["post-7933","page","type-page","status-publish","hentry"],"yoast_head":"<!-- This site is optimized with the Yoast SEO plugin v27.1.1 - https:\/\/yoast.com\/product\/yoast-seo-wordpress\/ -->\n<title>Contact - radionica<\/title>\n<meta name=\"robots\" content=\"index, follow, max-snippet:-1, max-image-preview:large, max-video-preview:-1\" \/>\n<link rel=\"canonical\" href=\"https:\/\/www.radionica.hr\/en\/kontakt-2\/\" \/>\n<meta property=\"og:locale\" content=\"en_US\" \/>\n<meta property=\"og:type\" content=\"article\" \/>\n<meta property=\"og:title\" content=\"Contact - radionica\" \/>\n<meta property=\"og:description\" content=\"[vc_row][vc_column width=&#8221;1\/1&#8243;][vc_column_text] Office [\/vc_column_text][vc_separator type=&#8221;transparent&#8221; down=&#8221;15&#8243; up=&#8221;0&#8243;][vc_column_text]Mire Ban Radune\u00a014 HR-51000 Rijeka Tel: +385 51 410 541[\/vc_column_text][vc_separator type=&#8221;transparent&#8221; up=&#8221;0&#8243; down=&#8221;25&#8243;][vc_column_text]e-mail: info@radionica.hr skype: radionica facebook.com\/radionica.hr \u00a0[\/vc_column_text][\/vc_column][\/vc_row]\" \/>\n<meta property=\"og:url\" content=\"https:\/\/www.radionica.hr\/en\/kontakt-2\/\" \/>\n<meta property=\"og:site_name\" content=\"radionica\" \/>\n<meta property=\"article:publisher\" content=\"https:\/\/www.facebook.com\/radionica.hr\" \/>\n<meta property=\"article:modified_time\" content=\"2015-08-13T12:47:27+00:00\" \/>\n<meta name=\"twitter:card\" content=\"summary_large_image\" \/>\n<script type=\"application\/ld+json\" class=\"yoast-schema-graph\">{\"@context\":\"https:\/\/schema.org\",\"@graph\":[{\"@type\":\"WebPage\",\"@id\":\"https:\/\/www.radionica.hr\/en\/kontakt-2\/\",\"url\":\"https:\/\/www.radionica.hr\/en\/kontakt-2\/\",\"name\":\"Contact - radionica\",\"isPartOf\":{\"@id\":\"https:\/\/www.radionica.hr\/#website\"},\"datePublished\":\"2014-12-01T15:07:51+00:00\",\"dateModified\":\"2015-08-13T12:47:27+00:00\",\"breadcrumb\":{\"@id\":\"https:\/\/www.radionica.hr\/en\/kontakt-2\/#breadcrumb\"},\"inLanguage\":\"en-US\",\"potentialAction\":[{\"@type\":\"ReadAction\",\"target\":[\"https:\/\/www.radionica.hr\/en\/kontakt-2\/\"]}]},{\"@type\":\"BreadcrumbList\",\"@id\":\"https:\/\/www.radionica.hr\/en\/kontakt-2\/#breadcrumb\",\"itemListElement\":[{\"@type\":\"ListItem\",\"position\":1,\"name\":\"Home\",\"item\":\"https:\/\/www.radionica.hr\/en\/\"},{\"@type\":\"ListItem\",\"position\":2,\"name\":\"Contact\"}]},{\"@type\":\"WebSite\",\"@id\":\"https:\/\/www.radionica.hr\/#website\",\"url\":\"https:\/\/www.radionica.hr\/\",\"name\":\"radionica\",\"description\":\"kreativnih ideja, dizajnerskih rje\u0161enja i modernih tr\u017ei\u0161nih komunikacija\",\"publisher\":{\"@id\":\"https:\/\/www.radionica.hr\/#organization\"},\"potentialAction\":[{\"@type\":\"SearchAction\",\"target\":{\"@type\":\"EntryPoint\",\"urlTemplate\":\"https:\/\/www.radionica.hr\/?s={search_term_string}\"},\"query-input\":{\"@type\":\"PropertyValueSpecification\",\"valueRequired\":true,\"valueName\":\"search_term_string\"}}],\"inLanguage\":\"en-US\"},{\"@type\":\"Organization\",\"@id\":\"https:\/\/www.radionica.hr\/#organization\",\"name\":\"Radionica\",\"url\":\"https:\/\/www.radionica.hr\/\",\"logo\":{\"@type\":\"ImageObject\",\"inLanguage\":\"en-US\",\"@id\":\"https:\/\/www.radionica.hr\/#\/schema\/logo\/image\/\",\"url\":\"https:\/\/www.radionica.hr\/wp-content\/uploads\/2013\/12\/radionica_logo.png\",\"contentUrl\":\"https:\/\/www.radionica.hr\/wp-content\/uploads\/2013\/12\/radionica_logo.png\",\"width\":200,\"height\":80,\"caption\":\"Radionica\"},\"image\":{\"@id\":\"https:\/\/www.radionica.hr\/#\/schema\/logo\/image\/\"},\"sameAs\":[\"https:\/\/www.facebook.com\/radionica.hr\",\"https:\/\/www.instagram.com\/radionica_ri\/\",\"https:\/\/www.linkedin.com\/company\/radionica\"]}]}<\/script>\n<!-- \/ Yoast SEO plugin. -->","yoast_head_json":{"title":"Contact - radionica","robots":{"index":"index","follow":"follow","max-snippet":"max-snippet:-1","max-image-preview":"max-image-preview:large","max-video-preview":"max-video-preview:-1"},"canonical":"https:\/\/www.radionica.hr\/en\/kontakt-2\/","og_locale":"en_US","og_type":"article","og_title":"Contact - radionica","og_description":"[vc_row][vc_column width=&#8221;1\/1&#8243;][vc_column_text] Office [\/vc_column_text][vc_separator type=&#8221;transparent&#8221; down=&#8221;15&#8243; up=&#8221;0&#8243;][vc_column_text]Mire Ban Radune\u00a014 HR-51000 Rijeka Tel: +385 51 410 541[\/vc_column_text][vc_separator type=&#8221;transparent&#8221; up=&#8221;0&#8243; down=&#8221;25&#8243;][vc_column_text]e-mail: info@radionica.hr skype: radionica facebook.com\/radionica.hr \u00a0[\/vc_column_text][\/vc_column][\/vc_row]","og_url":"https:\/\/www.radionica.hr\/en\/kontakt-2\/","og_site_name":"radionica","article_publisher":"https:\/\/www.facebook.com\/radionica.hr","article_modified_time":"2015-08-13T12:47:27+00:00","twitter_card":"summary_large_image","schema":{"@context":"https:\/\/schema.org","@graph":[{"@type":"WebPage","@id":"https:\/\/www.radionica.hr\/en\/kontakt-2\/","url":"https:\/\/www.radionica.hr\/en\/kontakt-2\/","name":"Contact - radionica","isPartOf":{"@id":"https:\/\/www.radionica.hr\/#website"},"datePublished":"2014-12-01T15:07:51+00:00","dateModified":"2015-08-13T12:47:27+00:00","breadcrumb":{"@id":"https:\/\/www.radionica.hr\/en\/kontakt-2\/#breadcrumb"},"inLanguage":"en-US","potentialAction":[{"@type":"ReadAction","target":["https:\/\/www.radionica.hr\/en\/kontakt-2\/"]}]},{"@type":"BreadcrumbList","@id":"https:\/\/www.radionica.hr\/en\/kontakt-2\/#breadcrumb","itemListElement":[{"@type":"ListItem","position":1,"name":"Home","item":"https:\/\/www.radionica.hr\/en\/"},{"@type":"ListItem","position":2,"name":"Contact"}]},{"@type":"WebSite","@id":"https:\/\/www.radionica.hr\/#website","url":"https:\/\/www.radionica.hr\/","name":"radionica","description":"kreativnih ideja, dizajnerskih rje\u0161enja i modernih tr\u017ei\u0161nih komunikacija","publisher":{"@id":"https:\/\/www.radionica.hr\/#organization"},"potentialAction":[{"@type":"SearchAction","target":{"@type":"EntryPoint","urlTemplate":"https:\/\/www.radionica.hr\/?s={search_term_string}"},"query-input":{"@type":"PropertyValueSpecification","valueRequired":true,"valueName":"search_term_string"}}],"inLanguage":"en-US"},{"@type":"Organization","@id":"https:\/\/www.radionica.hr\/#organization","name":"Radionica","url":"https:\/\/www.radionica.hr\/","logo":{"@type":"ImageObject","inLanguage":"en-US","@id":"https:\/\/www.radionica.hr\/#\/schema\/logo\/image\/","url":"https:\/\/www.radionica.hr\/wp-content\/uploads\/2013\/12\/radionica_logo.png","contentUrl":"https:\/\/www.radionica.hr\/wp-content\/uploads\/2013\/12\/radionica_logo.png","width":200,"height":80,"caption":"Radionica"},"image":{"@id":"https:\/\/www.radionica.hr\/#\/schema\/logo\/image\/"},"sameAs":["https:\/\/www.facebook.com\/radionica.hr","https:\/\/www.instagram.com\/radionica_ri\/","https:\/\/www.linkedin.com\/company\/radionica"]}]}},"_links":{"self":[{"href":"https:\/\/www.radionica.hr\/en\/wp-json\/wp\/v2\/pages\/7933","targetHints":{"allow":["GET"]}}],"collection":[{"href":"https:\/\/www.radionica.hr\/en\/wp-json\/wp\/v2\/pages"}],"about":[{"href":"https:\/\/www.radionica.hr\/en\/wp-json\/wp\/v2\/types\/page"}],"author":[{"embeddable":true,"href":"https:\/\/www.radionica.hr\/en\/wp-json\/wp\/v2\/users\/2"}],"replies":[{"embeddable":true,"href":"https:\/\/www.radionica.hr\/en\/wp-json\/wp\/v2\/comments?post=7933"}],"version-history":[{"count":4,"href":"https:\/\/www.radionica.hr\/en\/wp-json\/wp\/v2\/pages\/7933\/revisions"}],"predecessor-version":[{"id":8285,"href":"https:\/\/www.radionica.hr\/en\/wp-json\/wp\/v2\/pages\/7933\/revisions\/8285"}],"wp:attachment":[{"href":"https:\/\/www.radionica.hr\/en\/wp-json\/wp\/v2\/media?parent=7933"}],"curies":[{"name":"wp","href":"https:\/\/api.w.org\/{rel}","templated":true}]}}