{"id":7927,"date":"2014-12-01T15:06:18","date_gmt":"2014-12-01T15:06:18","guid":{"rendered":"http:\/\/www.radionica.hr\/?page_id=7927"},"modified":"2020-06-16T10:35:13","modified_gmt":"2020-06-16T10:35:13","slug":"radionica-2","status":"publish","type":"page","link":"https:\/\/www.radionica.hr\/en\/radionica-2\/","title":{"rendered":"About Radionica"},"content":{"rendered":"[vc_row row_type=&#8221;section&#8221; type=&#8221;grid&#8221; text_align=&#8221;left&#8221; video=&#8221;&#8221; padding_top=&#8221;77&#8243; padding_bottom=&#8221;90&#8243;][vc_column][vc_column_text]\n<h2 style=\"text-align: center;\">What is\u00a0radionica?<\/h2>\n[\/vc_column_text][vc_separator type=&#8221;transparent&#8221; up=&#8221;6&#8243; down=&#8221;6&#8243;][vc_column_text]\n<h4 style=\"text-align: center;\">A workshop of creative ideas, design solutions and modern communications<\/h4>\n[\/vc_column_text][vc_separator type=&#8221;transparent&#8221; down=&#8221;16&#8243;][vc_row_inner row_type=&#8221;row&#8221; text_align=&#8221;left&#8221; css_animation=&#8221;&#8221;][vc_column_inner width=&#8221;1\/2&#8243;][vc_column_text]We are a creative team with a wide range of skills, and extensive experience in various projects. We provide high quality service and support in all aspects of marketing &amp; communications. If you require advertising in printed or electronic media, an effective social event or you are interested in the internet and social media, perhaps radionica is the right choice for you.[\/vc_column_text][\/vc_column_inner][vc_column_inner width=&#8221;1\/2&#8243;][vc_column_text]Everything we do, we do with our heart. A fine design is the foundation of all of our work, but nevertheless, a great story and high quality content are most important in our projects. With each client we establish a close relationship in order to fully understand their needs and wishes and accordingly provide them with the best possible service so we can accomplish all of our mutual goals and objectives.[\/vc_column_text][\/vc_column_inner][\/vc_row_inner][\/vc_column][\/vc_row][vc_row row_type=&#8221;section&#8221; type=&#8221;grid&#8221; text_align=&#8221;left&#8221; video=&#8221;&#8221; background_color=&#8221;#f6f6f6&#8243; padding_top=&#8221;60&#8243; padding_bottom=&#8221;65&#8243;][vc_column][vc_row_inner row_type=&#8221;row&#8221; text_align=&#8221;left&#8221; css_animation=&#8221;&#8221;][vc_column_inner width=&#8221;1\/4&#8243;]<div class=\"q_counter_holder center\"><span class=\"counter random\" style=\"color:; font-size:52px; height:52px; line-height:52px;\">34565<\/span><\/div>[vc_separator type=&#8221;transparent&#8221; up=&#8221;9&#8243; down=&#8221;9&#8243;][vc_column_text]\n<h4 style=\"text-align: center;\">working seconds daily<\/h4>\n[\/vc_column_text][\/vc_column_inner][vc_column_inner width=&#8221;1\/4&#8243;]<div class=\"q_counter_holder center\"><span class=\"counter zero\" style=\"color:; font-size:52px; height:52px; line-height:52px;\">30<\/span><\/div>[vc_separator type=&#8221;transparent&#8221; up=&#8221;9&#8243; down=&#8221;9&#8243;][vc_column_text]\n<h4 style=\"text-align: center;\">average age of team<\/h4>\n[\/vc_column_text][\/vc_column_inner][vc_column_inner width=&#8221;1\/4&#8243;]<div class=\"q_counter_holder center\"><span class=\"counter zero\" style=\"color:; font-size:52px; height:52px; line-height:52px;\">1776<\/span><\/div>[vc_separator type=&#8221;transparent&#8221; up=&#8221;9&#8243; down=&#8221;9&#8243;][vc_column_text]\n<h4 style=\"text-align: center;\">average height in\u00a0mm<\/h4>\n[\/vc_column_text][\/vc_column_inner][vc_column_inner width=&#8221;1\/4&#8243;]<div class=\"q_counter_holder center\"><span class=\"counter random\" style=\"color:; font-size:52px; height:52px; line-height:52px;\">34<\/span><\/div>[vc_separator type=&#8221;transparent&#8221; up=&#8221;9&#8243; down=&#8221;9&#8243;][vc_column_text]\n<h4 style=\"text-align: center;\">cumulative\u00a0years of experience<\/h4>\n[\/vc_column_text][\/vc_column_inner][\/vc_row_inner][\/vc_column][\/vc_row][vc_row row_type=&#8221;section&#8221; type=&#8221;grid&#8221; text_align=&#8221;left&#8221; video=&#8221;&#8221; background_color=&#8221;#272727&#8243; padding_top=&#8221;73&#8243; padding_bottom=&#8221;10&#8243;][vc_column][vc_column_text]\n<h2 style=\"text-align: center;\"><span style=\"color: #ffffff;\">we are\u00a0radionica<\/span><\/h2>\n[\/vc_column_text][vc_separator type=&#8221;transparent&#8221; up=&#8221;6&#8243; down=&#8221;9&#8243;][\/vc_column][\/vc_row][vc_row row_type=&#8221;section&#8221; type=&#8221;grid&#8221; text_align=&#8221;center&#8221; video=&#8221;&#8221; background_color=&#8221;#272727&#8243; padding_bottom=&#8221;30&#8243;][vc_column width=&#8221;1\/2&#8243;][vc_row_inner row_type=&#8221;row&#8221; text_align=&#8221;center&#8221; css_animation=&#8221;element_from_fade&#8221;][vc_column_inner][vc_single_image image=&#8221;10341&#8243; img_size=&#8221;full&#8221; alignment=&#8221;center&#8221; style=&#8221;vc_box_circle&#8221;][\/vc_column_inner][\/vc_row_inner][vc_separator type=&#8221;transparent&#8221; up=&#8221;7&#8243; down=&#8221;11&#8243;][vc_column_text]\n<h4 style=\"text-align: center;\"><span style=\"color: #ffffff;\">Neven \u0160egetin<\/span><\/h4>\n<h6 style=\"text-align: center;\"><span style=\"color: #ffffff;\">CEO<\/span><\/h6>\n[\/vc_column_text][vc_separator type=&#8221;transparent&#8221; up=&#8221;7&#8243; down=&#8221;5&#8243;][vc_column_text]\n<p style=\"text-align: center;\"><span style=\"color: #888888;\">Neven spoke his first words when he was 6 months old and since then he never stopped talking! Communication and human interaction have always been an important part of his life, so why not use that passion?<\/span><\/p>\n[\/vc_column_text][vc_separator type=&#8221;transparent&#8221; up=&#8221;7&#8243; down=&#8221;5&#8243;][vc_row_inner row_type=&#8221;row&#8221; text_align=&#8221;center&#8221; css_animation=&#8221;&#8221;][vc_column_inner]<span class='q_social_icon_holder'><span class='fa-stack fa-lg' style='background-color: #5f5f5f;'><i class='fa fa-facebook' style='color: #313131;'><\/i><\/span><\/span><span class='q_social_icon_holder'><span class='fa-stack fa-lg' style='background-color: #5f5f5f;'><i class='fa fa-skype' style='color: #313131;'><\/i><\/span><\/span><span class='q_social_icon_holder'><span class='fa-stack fa-lg' style='background-color: #5f5f5f;'><i class='fa fa-twitter' style='color: #313131;'><\/i><\/span><\/span>[\/vc_column_inner][\/vc_row_inner][\/vc_column][vc_column width=&#8221;1\/2&#8243;][vc_row_inner row_type=&#8221;row&#8221; text_align=&#8221;center&#8221; css_animation=&#8221;element_from_fade&#8221;][vc_column_inner][vc_single_image image=&#8221;12162&#8243; img_size=&#8221;215&#215;215&#8243; alignment=&#8221;center&#8221; style=&#8221;vc_box_circle&#8221;][\/vc_column_inner][\/vc_row_inner][vc_separator type=&#8221;transparent&#8221; up=&#8221;7&#8243; down=&#8221;11&#8243;][vc_column_text]\n<h4 style=\"text-align: center;\"><span style=\"color: #ffffff;\">Ana Mrde\u017ea<\/span><\/h4>\n<h6 style=\"text-align: center;\"><span style=\"color: #ffffff;\">content\u00a0manager<\/span><\/h6>\n[\/vc_column_text][vc_separator type=&#8221;transparent&#8221; up=&#8221;7&#8243; down=&#8221;5&#8243;][vc_column_text]\n<p style=\"text-align: center; color: #888888;\">Ana is moved by passion; passion about life, people, learning, dancing&#8230; and her main thought is: &#8220;Always believe in the impossible.&#8221; She loves to explore people&#8217;s psychology and she is not interested in the average. The world without excitement and creativity would be a very boring place for her.<\/p>\n[\/vc_column_text][vc_separator type=&#8221;transparent&#8221; up=&#8221;7&#8243; down=&#8221;5&#8243;][vc_row_inner row_type=&#8221;row&#8221; text_align=&#8221;center&#8221; css_animation=&#8221;&#8221;][vc_column_inner]<span class='q_social_icon_holder'><span class='fa-stack fa-lg' style='background-color: #5f5f5f;'><i class='fa fa-facebook' style='color: #313131;'><\/i><\/span><\/span><span class='q_social_icon_holder'><span class='fa-stack fa-lg' style='background-color: #5f5f5f;'><i class='fa fa-skype' style='color: #313131;'><\/i><\/span><\/span><span class='q_social_icon_holder'><span class='fa-stack fa-lg' style='background-color: #5f5f5f;'><i class='fa fa-twitter' style='color: #313131;'><\/i><\/span><\/span>[\/vc_column_inner][\/vc_row_inner][\/vc_column][\/vc_row][vc_row row_type=&#8221;section&#8221; type=&#8221;grid&#8221; text_align=&#8221;center&#8221; video=&#8221;&#8221; background_color=&#8221;#272727&#8243; padding_bottom=&#8221;30&#8243;][vc_column width=&#8221;1\/2&#8243;][vc_row_inner row_type=&#8221;row&#8221; text_align=&#8221;center&#8221; css_animation=&#8221;element_from_fade&#8221;][vc_column_inner][vc_single_image image=&#8221;12751&#8243; img_size=&#8221;full&#8221; alignment=&#8221;center&#8221; style=&#8221;vc_box_circle&#8221;][\/vc_column_inner][\/vc_row_inner][vc_separator type=&#8221;transparent&#8221; up=&#8221;7&#8243; down=&#8221;11&#8243;][vc_column_text]\n<h4 style=\"text-align: center;\"><span style=\"color: #ffffff;\">Ivana \u017ditnjak<br \/>\n<\/span><\/h4>\n<h6 style=\"text-align: center;\"><span style=\"color: #ffffff;\">digital advertising manager<\/span><\/h6>\n[\/vc_column_text][vc_separator type=&#8221;transparent&#8221; up=&#8221;7&#8243; down=&#8221;5&#8243;][vc_column_text]\n<p style=\"text-align: center;\"><span style=\"color: #888888;\">Positive and versatile person. In addition to loving creativity and marketing, at leisure she likes to explore Tech news, travel destinations (she can become a tourist guide) &amp; industrial design. In addition to everything she\u2019s making a real artwork with clay. <\/span><\/p>\n[\/vc_column_text][vc_separator type=&#8221;transparent&#8221; up=&#8221;7&#8243; down=&#8221;5&#8243;][vc_row_inner row_type=&#8221;row&#8221; text_align=&#8221;center&#8221; css_animation=&#8221;&#8221;][vc_column_inner]<span class='q_social_icon_holder'><span class='fa-stack fa-lg' style='background-color: #5f5f5f;'><i class='fa fa-facebook' style='color: #313131;'><\/i><\/span><\/span><span class='q_social_icon_holder'><span class='fa-stack fa-lg' style='background-color: #5f5f5f;'><i class='fa fa-skype' style='color: #313131;'><\/i><\/span><\/span><span class='q_social_icon_holder'><span class='fa-stack fa-lg' style='background-color: #5f5f5f;'><i class='fa fa-twitter' style='color: #313131;'><\/i><\/span><\/span>[\/vc_column_inner][\/vc_row_inner][\/vc_column][vc_column width=&#8221;1\/2&#8243;][\/vc_column][\/vc_row]\n<!-- AddThis Advanced Settings generic via filter on the_content --><!-- AddThis Share Buttons generic via filter on the_content -->","protected":false},"excerpt":{"rendered":"<p>[vc_row row_type=&#8221;section&#8221; type=&#8221;grid&#8221; text_align=&#8221;left&#8221; video=&#8221;&#8221; padding_top=&#8221;77&#8243; padding_bottom=&#8221;90&#8243;][vc_column][vc_column_text] What is\u00a0radionica? [\/vc_column_text][vc_separator type=&#8221;transparent&#8221; up=&#8221;6&#8243; down=&#8221;6&#8243;][vc_column_text] A workshop of creative ideas, design solutions and modern communications [\/vc_column_text][vc_separator type=&#8221;transparent&#8221; down=&#8221;16&#8243;][vc_row_inner row_type=&#8221;row&#8221; text_align=&#8221;left&#8221; css_animation=&#8221;&#8221;][vc_column_inner width=&#8221;1\/2&#8243;][vc_column_text]We are a creative team with a wide range of skills, and extensive experience in various&#8230;<!-- AddThis Advanced Settings generic via filter on get_the_excerpt --><!-- AddThis Share Buttons generic via filter on get_the_excerpt --><\/p>\n","protected":false},"author":2,"featured_media":0,"parent":0,"menu_order":0,"comment_status":"open","ping_status":"closed","template":"full_width.php","meta":{"footnotes":""},"class_list":["post-7927","page","type-page","status-publish","hentry"],"yoast_head":"<!-- This site is optimized with the Yoast SEO plugin v27.1.1 - https:\/\/yoast.com\/product\/yoast-seo-wordpress\/ -->\n<title>About Radionica - radionica<\/title>\n<meta name=\"robots\" content=\"index, follow, max-snippet:-1, max-image-preview:large, max-video-preview:-1\" \/>\n<link rel=\"canonical\" href=\"https:\/\/www.radionica.hr\/en\/radionica-2\/\" \/>\n<meta property=\"og:locale\" content=\"en_US\" \/>\n<meta property=\"og:type\" content=\"article\" \/>\n<meta property=\"og:title\" content=\"About Radionica - radionica\" \/>\n<meta property=\"og:description\" content=\"[vc_row row_type=&#8221;section&#8221; type=&#8221;grid&#8221; text_align=&#8221;left&#8221; video=&#8221;&#8221; padding_top=&#8221;77&#8243; padding_bottom=&#8221;90&#8243;][vc_column][vc_column_text] What is\u00a0radionica? [\/vc_column_text][vc_separator type=&#8221;transparent&#8221; up=&#8221;6&#8243; down=&#8221;6&#8243;][vc_column_text] A workshop of creative ideas, design solutions and modern communications [\/vc_column_text][vc_separator type=&#8221;transparent&#8221; down=&#8221;16&#8243;][vc_row_inner row_type=&#8221;row&#8221; text_align=&#8221;left&#8221; css_animation=&#8221;&#8221;][vc_column_inner width=&#8221;1\/2&#8243;][vc_column_text]We are a creative team with a wide range of skills, and extensive experience in various...\" \/>\n<meta property=\"og:url\" content=\"https:\/\/www.radionica.hr\/en\/radionica-2\/\" \/>\n<meta property=\"og:site_name\" content=\"radionica\" \/>\n<meta property=\"article:publisher\" content=\"https:\/\/www.facebook.com\/radionica.hr\" \/>\n<meta property=\"article:modified_time\" content=\"2020-06-16T10:35:13+00:00\" \/>\n<meta name=\"twitter:card\" content=\"summary_large_image\" \/>\n<meta name=\"twitter:label1\" content=\"Est. reading time\" \/>\n\t<meta name=\"twitter:data1\" content=\"5 minutes\" \/>\n<script type=\"application\/ld+json\" class=\"yoast-schema-graph\">{\"@context\":\"https:\/\/schema.org\",\"@graph\":[{\"@type\":\"WebPage\",\"@id\":\"https:\/\/www.radionica.hr\/en\/radionica-2\/\",\"url\":\"https:\/\/www.radionica.hr\/en\/radionica-2\/\",\"name\":\"About Radionica - radionica\",\"isPartOf\":{\"@id\":\"https:\/\/www.radionica.hr\/#website\"},\"datePublished\":\"2014-12-01T15:06:18+00:00\",\"dateModified\":\"2020-06-16T10:35:13+00:00\",\"breadcrumb\":{\"@id\":\"https:\/\/www.radionica.hr\/en\/radionica-2\/#breadcrumb\"},\"inLanguage\":\"en-US\",\"potentialAction\":[{\"@type\":\"ReadAction\",\"target\":[\"https:\/\/www.radionica.hr\/en\/radionica-2\/\"]}]},{\"@type\":\"BreadcrumbList\",\"@id\":\"https:\/\/www.radionica.hr\/en\/radionica-2\/#breadcrumb\",\"itemListElement\":[{\"@type\":\"ListItem\",\"position\":1,\"name\":\"Home\",\"item\":\"https:\/\/www.radionica.hr\/en\/\"},{\"@type\":\"ListItem\",\"position\":2,\"name\":\"About Radionica\"}]},{\"@type\":\"WebSite\",\"@id\":\"https:\/\/www.radionica.hr\/#website\",\"url\":\"https:\/\/www.radionica.hr\/\",\"name\":\"radionica\",\"description\":\"kreativnih ideja, dizajnerskih rje\u0161enja i modernih tr\u017ei\u0161nih komunikacija\",\"publisher\":{\"@id\":\"https:\/\/www.radionica.hr\/#organization\"},\"potentialAction\":[{\"@type\":\"SearchAction\",\"target\":{\"@type\":\"EntryPoint\",\"urlTemplate\":\"https:\/\/www.radionica.hr\/?s={search_term_string}\"},\"query-input\":{\"@type\":\"PropertyValueSpecification\",\"valueRequired\":true,\"valueName\":\"search_term_string\"}}],\"inLanguage\":\"en-US\"},{\"@type\":\"Organization\",\"@id\":\"https:\/\/www.radionica.hr\/#organization\",\"name\":\"Radionica\",\"url\":\"https:\/\/www.radionica.hr\/\",\"logo\":{\"@type\":\"ImageObject\",\"inLanguage\":\"en-US\",\"@id\":\"https:\/\/www.radionica.hr\/#\/schema\/logo\/image\/\",\"url\":\"https:\/\/www.radionica.hr\/wp-content\/uploads\/2013\/12\/radionica_logo.png\",\"contentUrl\":\"https:\/\/www.radionica.hr\/wp-content\/uploads\/2013\/12\/radionica_logo.png\",\"width\":200,\"height\":80,\"caption\":\"Radionica\"},\"image\":{\"@id\":\"https:\/\/www.radionica.hr\/#\/schema\/logo\/image\/\"},\"sameAs\":[\"https:\/\/www.facebook.com\/radionica.hr\",\"https:\/\/www.instagram.com\/radionica_ri\/\",\"https:\/\/www.linkedin.com\/company\/radionica\"]}]}<\/script>\n<!-- \/ Yoast SEO plugin. -->","yoast_head_json":{"title":"About Radionica - radionica","robots":{"index":"index","follow":"follow","max-snippet":"max-snippet:-1","max-image-preview":"max-image-preview:large","max-video-preview":"max-video-preview:-1"},"canonical":"https:\/\/www.radionica.hr\/en\/radionica-2\/","og_locale":"en_US","og_type":"article","og_title":"About Radionica - radionica","og_description":"[vc_row row_type=&#8221;section&#8221; type=&#8221;grid&#8221; text_align=&#8221;left&#8221; video=&#8221;&#8221; padding_top=&#8221;77&#8243; padding_bottom=&#8221;90&#8243;][vc_column][vc_column_text] What is\u00a0radionica? [\/vc_column_text][vc_separator type=&#8221;transparent&#8221; up=&#8221;6&#8243; down=&#8221;6&#8243;][vc_column_text] A workshop of creative ideas, design solutions and modern communications [\/vc_column_text][vc_separator type=&#8221;transparent&#8221; down=&#8221;16&#8243;][vc_row_inner row_type=&#8221;row&#8221; text_align=&#8221;left&#8221; css_animation=&#8221;&#8221;][vc_column_inner width=&#8221;1\/2&#8243;][vc_column_text]We are a creative team with a wide range of skills, and extensive experience in various...","og_url":"https:\/\/www.radionica.hr\/en\/radionica-2\/","og_site_name":"radionica","article_publisher":"https:\/\/www.facebook.com\/radionica.hr","article_modified_time":"2020-06-16T10:35:13+00:00","twitter_card":"summary_large_image","twitter_misc":{"Est. reading time":"5 minutes"},"schema":{"@context":"https:\/\/schema.org","@graph":[{"@type":"WebPage","@id":"https:\/\/www.radionica.hr\/en\/radionica-2\/","url":"https:\/\/www.radionica.hr\/en\/radionica-2\/","name":"About Radionica - radionica","isPartOf":{"@id":"https:\/\/www.radionica.hr\/#website"},"datePublished":"2014-12-01T15:06:18+00:00","dateModified":"2020-06-16T10:35:13+00:00","breadcrumb":{"@id":"https:\/\/www.radionica.hr\/en\/radionica-2\/#breadcrumb"},"inLanguage":"en-US","potentialAction":[{"@type":"ReadAction","target":["https:\/\/www.radionica.hr\/en\/radionica-2\/"]}]},{"@type":"BreadcrumbList","@id":"https:\/\/www.radionica.hr\/en\/radionica-2\/#breadcrumb","itemListElement":[{"@type":"ListItem","position":1,"name":"Home","item":"https:\/\/www.radionica.hr\/en\/"},{"@type":"ListItem","position":2,"name":"About Radionica"}]},{"@type":"WebSite","@id":"https:\/\/www.radionica.hr\/#website","url":"https:\/\/www.radionica.hr\/","name":"radionica","description":"kreativnih ideja, dizajnerskih rje\u0161enja i modernih tr\u017ei\u0161nih komunikacija","publisher":{"@id":"https:\/\/www.radionica.hr\/#organization"},"potentialAction":[{"@type":"SearchAction","target":{"@type":"EntryPoint","urlTemplate":"https:\/\/www.radionica.hr\/?s={search_term_string}"},"query-input":{"@type":"PropertyValueSpecification","valueRequired":true,"valueName":"search_term_string"}}],"inLanguage":"en-US"},{"@type":"Organization","@id":"https:\/\/www.radionica.hr\/#organization","name":"Radionica","url":"https:\/\/www.radionica.hr\/","logo":{"@type":"ImageObject","inLanguage":"en-US","@id":"https:\/\/www.radionica.hr\/#\/schema\/logo\/image\/","url":"https:\/\/www.radionica.hr\/wp-content\/uploads\/2013\/12\/radionica_logo.png","contentUrl":"https:\/\/www.radionica.hr\/wp-content\/uploads\/2013\/12\/radionica_logo.png","width":200,"height":80,"caption":"Radionica"},"image":{"@id":"https:\/\/www.radionica.hr\/#\/schema\/logo\/image\/"},"sameAs":["https:\/\/www.facebook.com\/radionica.hr","https:\/\/www.instagram.com\/radionica_ri\/","https:\/\/www.linkedin.com\/company\/radionica"]}]}},"_links":{"self":[{"href":"https:\/\/www.radionica.hr\/en\/wp-json\/wp\/v2\/pages\/7927","targetHints":{"allow":["GET"]}}],"collection":[{"href":"https:\/\/www.radionica.hr\/en\/wp-json\/wp\/v2\/pages"}],"about":[{"href":"https:\/\/www.radionica.hr\/en\/wp-json\/wp\/v2\/types\/page"}],"author":[{"embeddable":true,"href":"https:\/\/www.radionica.hr\/en\/wp-json\/wp\/v2\/users\/2"}],"replies":[{"embeddable":true,"href":"https:\/\/www.radionica.hr\/en\/wp-json\/wp\/v2\/comments?post=7927"}],"version-history":[{"count":33,"href":"https:\/\/www.radionica.hr\/en\/wp-json\/wp\/v2\/pages\/7927\/revisions"}],"predecessor-version":[{"id":12741,"href":"https:\/\/www.radionica.hr\/en\/wp-json\/wp\/v2\/pages\/7927\/revisions\/12741"}],"wp:attachment":[{"href":"https:\/\/www.radionica.hr\/en\/wp-json\/wp\/v2\/media?parent=7927"}],"curies":[{"name":"wp","href":"https:\/\/api.w.org\/{rel}","templated":true}]}}